{"id":417,"date":"2019-02-11T15:11:56","date_gmt":"2019-02-11T15:11:56","guid":{"rendered":"http:\/\/www.lakevillalotus.com\/?page_id=417"},"modified":"2024-03-15T10:34:46","modified_gmt":"2024-03-15T10:34:46","slug":"faq-d","status":"publish","type":"page","link":"https:\/\/www.lakevillalotus.com\/?page_id=417&lang=de","title":{"rendered":"FAQ (D)"},"content":{"rendered":"\n<h2 class=\"wp-block-heading\">Wie Sie zu uns gelangen<\/h2>\n\n\n\n<p>Das Stadtzentrum ist innert weniger Minuten mit dem Auto, dem Bus oder sogar mit dem Fahrrad oder zu Fuss zu erreichen (3.3. km zum Hauptbahnhof und Hafen Luzern). Wie lange das dauert:<\/p>\n\n\n\n<ul class=\"wp-block-list\"><li>Auto: 7 Minuten<\/li><li>Bus: 16 Minuten<\/li><li>zu Fuss: 45 Minuten<\/li><\/ul>\n\n\n\n<h2 class=\"wp-block-heading\">Mit dem \u00f6ffentlichen Verkehr<\/h2>\n\n\n\n<p>Vom Bahnhof Luzern bringt Sie die Linie 21 direkt zur Haltestelle <a href=\"https:\/\/www.google.ch\/maps\/dir\/Stutzstrasse+25,+Luzern\/St.+Niklausen+LU,+Stutz,+6005+Horw\/@47.0321559,8.3340787,751m\/data=!3m1!1e3!4m14!4m13!1m5!1m1!1s0x478ffbd3ef8b0255:0x8d523bbdc0eea766!2m2!1d8.3373777!2d47.0322842!1m5!1m1!1s0x478ffbd22d637405:0xc071faeab591ed60!2m2!1d8.335157!2d47.032472!3e2\">Stutz<\/a>, welche 30m von unserer Strasse entfernt ist. <\/p>\n\n\n\n<h2 class=\"wp-block-heading\">Distanzen weiteren zu Sehensw\u00fcrdigkeiten<\/h2>\n\n\n\n<p>Unsere <a href=\"https:\/\/www.google.ch\/maps\/place\/Stutzstrasse+25,+6005+Luzern\/@47.0323627,8.3376674,143m\/data=!3m1!1e3!4m5!3m4!1s0x478ffbd3ef8b0255:0x8d523bbdc0eea766!8m2!3d47.0322842!4d8.3373777\">Villa<\/a> liegt im Herzen der Schweiz &nbsp;\u2013 eine Vielzahl der spektakul\u00e4rsten Sehensw\u00fcrdigkeiten der Schweiz liegen in unmittelbarer N\u00e4he:<\/p>\n\n\n\n<ul class=\"wp-block-list\"><li>Titlis: 40 Min. (35 km)<\/li><li>Pilatus: 12 Min. (6 km)<\/li><li>Rigi: 50 Min. &nbsp;(25 km)<\/li><li>B\u00fcrgenstock: 40 Min. (27 km)<\/li><li><a href=\"https:\/\/www.jungfrau.ch\/\">Jungfrau<\/a>: 90 Min. (87 km)<\/li><\/ul>\n\n\n\n<p>Der Pilatus, die Rigit und der B\u00fcrgenstock k\u00f6nnen auch mit dem Boot erreicht werden. Die Schiffe fahren direkt beim Bahnhof Luzern ab, oder wir k\u00f6nnen auch eine exklusive private Bootsfahrt organisieren und sie werden direkt bei unserem Bootshaus abgeholt. F\u00fcr mehr Informationen besuchen Sie&nbsp;<a href=\"http:\/\/www.lakevillalotus.com\/?page_id=67\">the surroundings<\/a>&nbsp;oder schreiben Sie uns eine Email. <\/p>\n\n\n\n<h2 class=\"wp-block-heading\">Unterkunft &amp; Allgemeines<\/h2>\n\n\n\n<p>Unsere Check-in Zeiten sind von 15:00 bis 20:00. <br>Wir bieten einzigartige Services, haben aber keinen 24h Betrieb. Sollten Sie ausserhalb dieser Zeiten ankommen, schreiben Sie uns bitte vorab eine Nachricht.<\/p>\n\n\n\n<p>Auf Anfrage erhalten unsere G\u00e4ste die offizielle <a href=\"https:\/\/www.luzern.com\/de\/footernavigation\/services\/gaestekarte-luzern\/\">G\u00e4stekarte von Luzern<\/a>, welche viele Vorteile bringt (Erm\u00e4ssigungen von Transportunternehmen, Museumseintritten usw. )<\/p>\n\n\n\n<p><br><\/p>\n","protected":false},"excerpt":{"rendered":"<p>Wie Sie zu uns gelangen Das Stadtzentrum ist innert weniger Minuten mit dem Auto, dem Bus oder sogar mit dem Fahrrad oder zu Fuss zu erreichen (3.3. km zum Hauptbahnhof und Hafen Luzern). Wie lange das dauert: Auto: 7 Minuten Bus: 16 Minuten zu Fuss: 45 Minuten Mit dem \u00f6ffentlichen Verkehr Vom Bahnhof Luzern bringt&hellip; <a href=\"https:\/\/www.lakevillalotus.com\/?page_id=417&#038;lang=de\" class=\"more-link\">Weiterlesen <span class=\"screen-reader-text\">FAQ (D)<\/span><\/a><\/p>\n","protected":false},"author":1,"featured_media":0,"parent":222,"menu_order":0,"comment_status":"closed","ping_status":"closed","template":"","meta":{"om_disable_all_campaigns":false,"_monsterinsights_skip_tracking":false,"_monsterinsights_sitenote_active":false,"_monsterinsights_sitenote_note":"","_monsterinsights_sitenote_category":0,"_uf_show_specific_survey":0,"_uf_disable_surveys":false,"two_page_speed":[],"footnotes":""},"tags":[],"class_list":["post-417","page","type-page","status-publish","hentry","without-featured-image"],"yoast_head":"<!-- This site is optimized with the Yoast SEO plugin v27.3 - https:\/\/yoast.com\/product\/yoast-seo-wordpress\/ -->\n<title>FAQ (D) - Lake Villa Lotus<\/title>\n<meta name=\"robots\" content=\"index, follow, max-snippet:-1, max-image-preview:large, max-video-preview:-1\" \/>\n<link rel=\"canonical\" href=\"https:\/\/www.lakevillalotus.com\/?page_id=417&lang=de\" \/>\n<meta property=\"og:locale\" content=\"de_DE\" \/>\n<meta property=\"og:type\" content=\"article\" \/>\n<meta property=\"og:title\" content=\"FAQ (D) - Lake Villa Lotus\" \/>\n<meta property=\"og:description\" content=\"Wie Sie zu uns gelangen Das Stadtzentrum ist innert weniger Minuten mit dem Auto, dem Bus oder sogar mit dem Fahrrad oder zu Fuss zu erreichen (3.3. km zum Hauptbahnhof und Hafen Luzern). Wie lange das dauert: Auto: 7 Minuten Bus: 16 Minuten zu Fuss: 45 Minuten Mit dem \u00f6ffentlichen Verkehr Vom Bahnhof Luzern bringt&hellip; Weiterlesen FAQ (D)\" \/>\n<meta property=\"og:url\" content=\"https:\/\/www.lakevillalotus.com\/?page_id=417&amp;lang=de\" \/>\n<meta property=\"og:site_name\" content=\"Lake Villa Lotus\" \/>\n<meta property=\"article:publisher\" content=\"https:\/\/www.facebook.com\/LakeVillaLotus\/\" \/>\n<meta property=\"article:modified_time\" content=\"2024-03-15T10:34:46+00:00\" \/>\n<meta property=\"og:image\" content=\"https:\/\/www.lakevillalotus.com\/wp-content\/uploads\/2019\/08\/cropped-SummerView2.jpg\" \/>\n\t<meta property=\"og:image:width\" content=\"1180\" \/>\n\t<meta property=\"og:image:height\" content=\"359\" \/>\n\t<meta property=\"og:image:type\" content=\"image\/jpeg\" \/>\n<meta name=\"twitter:card\" content=\"summary_large_image\" \/>\n<meta name=\"twitter:site\" content=\"@lakevillalotus\" \/>\n<meta name=\"twitter:label1\" content=\"Gesch\u00e4tzte Lesezeit\" \/>\n\t<meta name=\"twitter:data1\" content=\"1\u00a0Minute\" \/>\n<script type=\"application\/ld+json\" class=\"yoast-schema-graph\">{\"@context\":\"https:\\\/\\\/schema.org\",\"@graph\":[{\"@type\":\"WebPage\",\"@id\":\"https:\\\/\\\/www.lakevillalotus.com\\\/?page_id=417&lang=de\",\"url\":\"https:\\\/\\\/www.lakevillalotus.com\\\/?page_id=417&lang=de\",\"name\":\"FAQ (D) - Lake Villa Lotus\",\"isPartOf\":{\"@id\":\"https:\\\/\\\/www.lakevillalotus.com\\\/#website\"},\"datePublished\":\"2019-02-11T15:11:56+00:00\",\"dateModified\":\"2024-03-15T10:34:46+00:00\",\"breadcrumb\":{\"@id\":\"https:\\\/\\\/www.lakevillalotus.com\\\/?page_id=417&lang=de#breadcrumb\"},\"inLanguage\":\"de\",\"potentialAction\":[{\"@type\":\"ReadAction\",\"target\":[\"https:\\\/\\\/www.lakevillalotus.com\\\/?page_id=417&lang=de\"]}]},{\"@type\":\"BreadcrumbList\",\"@id\":\"https:\\\/\\\/www.lakevillalotus.com\\\/?page_id=417&lang=de#breadcrumb\",\"itemListElement\":[{\"@type\":\"ListItem\",\"position\":1,\"name\":\"Home\",\"item\":\"https:\\\/\\\/www.lakevillalotus.com\\\/\"},{\"@type\":\"ListItem\",\"position\":2,\"name\":\"Klassische Villa Luzern\",\"item\":\"https:\\\/\\\/www.lakevillalotus.com\\\/?page_id=222&lang=de\"},{\"@type\":\"ListItem\",\"position\":3,\"name\":\"FAQ (D)\"}]},{\"@type\":\"WebSite\",\"@id\":\"https:\\\/\\\/www.lakevillalotus.com\\\/#website\",\"url\":\"https:\\\/\\\/www.lakevillalotus.com\\\/\",\"name\":\"Lake Villa Lotus\",\"description\":\"Classic Villa rental at Lake Lucerne | Private Pool | Direct Lake Access &amp; Private Beach | Lakefront Villa | Unique Privacy\",\"publisher\":{\"@id\":\"https:\\\/\\\/www.lakevillalotus.com\\\/#organization\"},\"alternateName\":\"Luxury Villa Rental at Lake Lucerne | Lake Villa Lotus\",\"potentialAction\":[{\"@type\":\"SearchAction\",\"target\":{\"@type\":\"EntryPoint\",\"urlTemplate\":\"https:\\\/\\\/www.lakevillalotus.com\\\/?s={search_term_string}\"},\"query-input\":{\"@type\":\"PropertyValueSpecification\",\"valueRequired\":true,\"valueName\":\"search_term_string\"}}],\"inLanguage\":\"de\"},{\"@type\":\"Organization\",\"@id\":\"https:\\\/\\\/www.lakevillalotus.com\\\/#organization\",\"name\":\"Lake Villa Lotus\",\"alternateName\":\"Luxury Villa Rental at Lake Lucerne | Lake Villa Lotus\",\"url\":\"https:\\\/\\\/www.lakevillalotus.com\\\/\",\"logo\":{\"@type\":\"ImageObject\",\"inLanguage\":\"de\",\"@id\":\"https:\\\/\\\/www.lakevillalotus.com\\\/#\\\/schema\\\/logo\\\/image\\\/\",\"url\":\"https:\\\/\\\/www.lakevillalotus.com\\\/wp-content\\\/uploads\\\/2018\\\/08\\\/logo2_180701.jpg\",\"contentUrl\":\"https:\\\/\\\/www.lakevillalotus.com\\\/wp-content\\\/uploads\\\/2018\\\/08\\\/logo2_180701.jpg\",\"width\":1124,\"height\":800,\"caption\":\"Lake Villa Lotus\"},\"image\":{\"@id\":\"https:\\\/\\\/www.lakevillalotus.com\\\/#\\\/schema\\\/logo\\\/image\\\/\"},\"sameAs\":[\"https:\\\/\\\/www.facebook.com\\\/LakeVillaLotus\\\/\",\"https:\\\/\\\/x.com\\\/lakevillalotus\",\"https:\\\/\\\/www.instagram.com\\\/lakevillalotus\\\/\",\"https:\\\/\\\/www.linkedin.com\\\/in\\\/lake-villa-lotus-luzern-a3a179198\\\/?originalSubdomain=ch\"]}]}<\/script>\n<!-- \/ Yoast SEO plugin. -->","yoast_head_json":{"title":"FAQ (D) - Lake Villa Lotus","robots":{"index":"index","follow":"follow","max-snippet":"max-snippet:-1","max-image-preview":"max-image-preview:large","max-video-preview":"max-video-preview:-1"},"canonical":"https:\/\/www.lakevillalotus.com\/?page_id=417&lang=de","og_locale":"de_DE","og_type":"article","og_title":"FAQ (D) - Lake Villa Lotus","og_description":"Wie Sie zu uns gelangen Das Stadtzentrum ist innert weniger Minuten mit dem Auto, dem Bus oder sogar mit dem Fahrrad oder zu Fuss zu erreichen (3.3. km zum Hauptbahnhof und Hafen Luzern). Wie lange das dauert: Auto: 7 Minuten Bus: 16 Minuten zu Fuss: 45 Minuten Mit dem \u00f6ffentlichen Verkehr Vom Bahnhof Luzern bringt&hellip; Weiterlesen FAQ (D)","og_url":"https:\/\/www.lakevillalotus.com\/?page_id=417&lang=de","og_site_name":"Lake Villa Lotus","article_publisher":"https:\/\/www.facebook.com\/LakeVillaLotus\/","article_modified_time":"2024-03-15T10:34:46+00:00","og_image":[{"width":1180,"height":359,"url":"https:\/\/www.lakevillalotus.com\/wp-content\/uploads\/2019\/08\/cropped-SummerView2.jpg","type":"image\/jpeg"}],"twitter_card":"summary_large_image","twitter_site":"@lakevillalotus","twitter_misc":{"Gesch\u00e4tzte Lesezeit":"1\u00a0Minute"},"schema":{"@context":"https:\/\/schema.org","@graph":[{"@type":"WebPage","@id":"https:\/\/www.lakevillalotus.com\/?page_id=417&lang=de","url":"https:\/\/www.lakevillalotus.com\/?page_id=417&lang=de","name":"FAQ (D) - Lake Villa Lotus","isPartOf":{"@id":"https:\/\/www.lakevillalotus.com\/#website"},"datePublished":"2019-02-11T15:11:56+00:00","dateModified":"2024-03-15T10:34:46+00:00","breadcrumb":{"@id":"https:\/\/www.lakevillalotus.com\/?page_id=417&lang=de#breadcrumb"},"inLanguage":"de","potentialAction":[{"@type":"ReadAction","target":["https:\/\/www.lakevillalotus.com\/?page_id=417&lang=de"]}]},{"@type":"BreadcrumbList","@id":"https:\/\/www.lakevillalotus.com\/?page_id=417&lang=de#breadcrumb","itemListElement":[{"@type":"ListItem","position":1,"name":"Home","item":"https:\/\/www.lakevillalotus.com\/"},{"@type":"ListItem","position":2,"name":"Klassische Villa Luzern","item":"https:\/\/www.lakevillalotus.com\/?page_id=222&lang=de"},{"@type":"ListItem","position":3,"name":"FAQ (D)"}]},{"@type":"WebSite","@id":"https:\/\/www.lakevillalotus.com\/#website","url":"https:\/\/www.lakevillalotus.com\/","name":"Lake Villa Lotus","description":"Classic Villa rental at Lake Lucerne | Private Pool | Direct Lake Access &amp; Private Beach | Lakefront Villa | Unique Privacy","publisher":{"@id":"https:\/\/www.lakevillalotus.com\/#organization"},"alternateName":"Luxury Villa Rental at Lake Lucerne | Lake Villa Lotus","potentialAction":[{"@type":"SearchAction","target":{"@type":"EntryPoint","urlTemplate":"https:\/\/www.lakevillalotus.com\/?s={search_term_string}"},"query-input":{"@type":"PropertyValueSpecification","valueRequired":true,"valueName":"search_term_string"}}],"inLanguage":"de"},{"@type":"Organization","@id":"https:\/\/www.lakevillalotus.com\/#organization","name":"Lake Villa Lotus","alternateName":"Luxury Villa Rental at Lake Lucerne | Lake Villa Lotus","url":"https:\/\/www.lakevillalotus.com\/","logo":{"@type":"ImageObject","inLanguage":"de","@id":"https:\/\/www.lakevillalotus.com\/#\/schema\/logo\/image\/","url":"https:\/\/www.lakevillalotus.com\/wp-content\/uploads\/2018\/08\/logo2_180701.jpg","contentUrl":"https:\/\/www.lakevillalotus.com\/wp-content\/uploads\/2018\/08\/logo2_180701.jpg","width":1124,"height":800,"caption":"Lake Villa Lotus"},"image":{"@id":"https:\/\/www.lakevillalotus.com\/#\/schema\/logo\/image\/"},"sameAs":["https:\/\/www.facebook.com\/LakeVillaLotus\/","https:\/\/x.com\/lakevillalotus","https:\/\/www.instagram.com\/lakevillalotus\/","https:\/\/www.linkedin.com\/in\/lake-villa-lotus-luzern-a3a179198\/?originalSubdomain=ch"]}]}},"jetpack_sharing_enabled":true,"jetpack_shortlink":"https:\/\/wp.me\/P9VoQm-6J","_links":{"self":[{"href":"https:\/\/www.lakevillalotus.com\/index.php?rest_route=\/wp\/v2\/pages\/417","targetHints":{"allow":["GET"]}}],"collection":[{"href":"https:\/\/www.lakevillalotus.com\/index.php?rest_route=\/wp\/v2\/pages"}],"about":[{"href":"https:\/\/www.lakevillalotus.com\/index.php?rest_route=\/wp\/v2\/types\/page"}],"author":[{"embeddable":true,"href":"https:\/\/www.lakevillalotus.com\/index.php?rest_route=\/wp\/v2\/users\/1"}],"replies":[{"embeddable":true,"href":"https:\/\/www.lakevillalotus.com\/index.php?rest_route=%2Fwp%2Fv2%2Fcomments&post=417"}],"version-history":[{"count":2,"href":"https:\/\/www.lakevillalotus.com\/index.php?rest_route=\/wp\/v2\/pages\/417\/revisions"}],"predecessor-version":[{"id":901,"href":"https:\/\/www.lakevillalotus.com\/index.php?rest_route=\/wp\/v2\/pages\/417\/revisions\/901"}],"up":[{"embeddable":true,"href":"https:\/\/www.lakevillalotus.com\/index.php?rest_route=\/wp\/v2\/pages\/222"}],"wp:attachment":[{"href":"https:\/\/www.lakevillalotus.com\/index.php?rest_route=%2Fwp%2Fv2%2Fmedia&parent=417"}],"wp:term":[{"taxonomy":"post_tag","embeddable":true,"href":"https:\/\/www.lakevillalotus.com\/index.php?rest_route=%2Fwp%2Fv2%2Ftags&post=417"}],"curies":[{"name":"wp","href":"https:\/\/api.w.org\/{rel}","templated":true}]}}